{"id":135,"date":"2021-05-12T11:36:55","date_gmt":"2021-05-12T11:36:55","guid":{"rendered":"http:\/\/bcs-consultant.com\/?page_id=135"},"modified":"2022-09-24T21:17:33","modified_gmt":"2022-09-24T21:17:33","slug":"home","status":"publish","type":"page","link":"https:\/\/bcs-consultant.com\/","title":{"rendered":"Accueil"},"content":{"rendered":"\n<div class=\"wp-block-cover alignfull has-parallax\" style=\"background-image:url(https:\/\/bcs-consultant.com\/wp-content\/uploads\/2022\/07\/bcs-bg-2.png);min-height:966px\"><span aria-hidden=\"true\" class=\"wp-block-cover__background has-ast-global-color-2-background-color has-background-dim-60 has-background-dim\"><\/span><div class=\"wp-block-cover__inner-container\">\n<h1 class=\"has-text-align-center has-white-color has-text-color\">Votre Succ\u00e8s Est Notre R\u00e9ussite<\/h1>\n\n\n\n<p class=\"has-text-align-center\">Si vous recherchez une agence pour vous aider \u00e0 concevoir, g\u00e9rer et faire le suivi de vos projets,<br>Vous \u00eates au bon endroit. Nous pouvons vous aider \u00e0 faire passer votre entreprise au niveau sup\u00e9rieur.<\/p>\n\n\n\n<div class=\"wp-container-1 is-horizontal is-content-justification-center wp-block-buttons\">\n<div class=\"wp-block-button is-style-fill\"><a class=\"wp-block-button__link has-ast-global-color-3-color has-ast-global-color-5-background-color has-text-color has-background\" rel=\"#\">D\u00e9couvrez Comment!<\/a><\/div>\n<\/div>\n<\/div><\/div>\n\n\n\n<div class=\"inherit-container-width wp-container-6 wp-block-group alignfull has-ast-global-color-5-background-color has-background\"><div class=\"wp-block-group__inner-container\">\n<h2>Contactez-Nous Pour<\/h2>\n\n\n\n<div class=\"wp-container-5 wp-block-columns\">\n<div class=\"wp-container-2 wp-block-column\">\n<h4>Technologie<\/h4>\n\n\n\n<p>Notre \u00e9quipe d&#8217;ing\u00e9nieurs poss\u00e8de de nombreuses ann\u00e9es d&#8217;exp\u00e9rience dans les  domaines de la cr\u00e9ation le site Web, le r\u00e9f\u00e9rencement et la solution Cloud de Google.<\/p>\n<\/div>\n\n\n\n<div class=\"wp-container-3 wp-block-column\">\n<h4>Accompagnement Des Projets<\/h4>\n\n\n\n<p>Vous recherchez des solutions personnalis\u00e9es pour vos sites Web ? Votre projet agricole ou immobilier, notre \u00e9quipe d\u00e9veloppera et fournira ce qui est n\u00e9cessaire pour atteindre vos objectifs.<\/p>\n<\/div>\n\n\n\n<div class=\"wp-container-4 wp-block-column is-vertically-aligned-center\">\n<h4>\u00c9ducation<\/h4>\n\n\n\n<p>BRIGHTECH CONSULTANT SARL met en place des programmes adapt\u00e9s de formation des jeunes et adultes dans les domaines de l\u2019informatique et agricole.<\/p>\n\n\n\n<p><\/p>\n<\/div>\n<\/div>\n<\/div><\/div>\n\n\n\n<div class=\"inherit-container-width wp-container-7 wp-block-group alignfull has-ast-global-color-0-background-color has-background\"><div class=\"wp-block-group__inner-container\">\n<div class=\"wp-block-media-text alignwide has-media-on-the-right is-stacked-on-mobile has-white-background-color has-background\" style=\"grid-template-columns:auto 40%\"><figure class=\"wp-block-media-text__media\"><img loading=\"lazy\" width=\"683\" height=\"1024\" src=\"https:\/\/bcs-consultant.com\/wp-content\/uploads\/2022\/07\/pexels-anna-nekrashevich-7552358-683x1024.jpg\" alt=\"\" class=\"wp-image-427 size-full\" srcset=\"https:\/\/bcs-consultant.com\/wp-content\/uploads\/2022\/07\/pexels-anna-nekrashevich-7552358-683x1024.jpg 683w, https:\/\/bcs-consultant.com\/wp-content\/uploads\/2022\/07\/pexels-anna-nekrashevich-7552358-200x300.jpg 200w, https:\/\/bcs-consultant.com\/wp-content\/uploads\/2022\/07\/pexels-anna-nekrashevich-7552358-768x1152.jpg 768w, https:\/\/bcs-consultant.com\/wp-content\/uploads\/2022\/07\/pexels-anna-nekrashevich-7552358-1024x1536.jpg 1024w, https:\/\/bcs-consultant.com\/wp-content\/uploads\/2022\/07\/pexels-anna-nekrashevich-7552358-1365x2048.jpg 1365w, https:\/\/bcs-consultant.com\/wp-content\/uploads\/2022\/07\/pexels-anna-nekrashevich-7552358-scaled.jpg 1707w\" sizes=\"(max-width: 683px) 100vw, 683px\" \/><\/figure><div class=\"wp-block-media-text__content\">\n<h2>Qui Sommes-nous?<\/h2>\n\n\n\n<p>BRIGHTECH CONSULTANT SARL est une soci\u00e9t\u00e9 de droit congolais, r\u00e9guli\u00e8rement enregistr\u00e9e, et dont le si\u00e8ge social se trouve \u00e0 Kinshasa ; avec une repr\u00e9sentation \u00e0 Tel-Aviv en ISRA\u00cbL.<\/p>\n\n\n\n<h4>Mission.<\/h4>\n\n\n\n<p>Notre mission est de vous aider \u00e0 donner vie \u00e0 vos id\u00e9es \u00e0 partir des solutions simples, pratiques et \u00e0 des prix d\u00e9fiant toute concurrence.<\/p>\n\n\n\n<h4>Vision.<\/h4>\n\n\n\n<p>Notre vision est de devenir un leader mondial en fournissant les meilleurs et uniques services dans la conception et le d\u00e9ploiement de vos projets afin d&#8217;assurer une meilleure productivit\u00e9 pour nos clients.<\/p>\n<\/div><\/div>\n<\/div><\/div>\n\n\n\n<div class=\"inherit-container-width wp-container-10 wp-block-group alignfull has-ast-global-color-5-background-color has-background\"><div class=\"wp-block-group__inner-container\">\n<h2 class=\"has-text-align-center\">Nos Clients<\/h2>\n\n\n\n<figure class=\"wp-container-9 wp-block-gallery-8 wp-block-gallery aligncenter has-nested-images columns-4\">\n<figure class=\"wp-block-image size-large\"><img loading=\"lazy\" width=\"153\" height=\"41\" src=\"http:\/\/bcs-consultant.com\/wp-content\/uploads\/2021\/05\/client-logo-5.png\" alt=\"\" class=\"wp-image-132\" srcset=\"https:\/\/bcs-consultant.com\/wp-content\/uploads\/2021\/05\/client-logo-5.png 153w, https:\/\/bcs-consultant.com\/wp-content\/uploads\/2021\/05\/client-logo-5-150x41.png 150w\" sizes=\"(max-width: 153px) 100vw, 153px\" \/><\/figure>\n\n\n\n<figure class=\"wp-block-image size-large\"><img src=\"http:\/\/bcs-consultant.com\/wp-content\/uploads\/2021\/05\/logo-black.svg\" alt=\"\" class=\"wp-image-133\"\/><\/figure>\n\n\n\n<figure class=\"wp-block-image size-large\"><img loading=\"lazy\" width=\"130\" height=\"30\" src=\"http:\/\/bcs-consultant.com\/wp-content\/uploads\/2021\/05\/client-logo-2.png\" alt=\"\" class=\"wp-image-130\"\/><\/figure>\n\n\n\n<figure class=\"wp-block-image size-large\"><img loading=\"lazy\" width=\"130\" height=\"30\" src=\"http:\/\/bcs-consultant.com\/wp-content\/uploads\/2021\/05\/client-logo-2.png\" alt=\"\" class=\"wp-image-130\"\/><\/figure>\n<\/figure>\n<\/div><\/div>\n\n\n\n<div class=\"inherit-container-width wp-container-11 wp-block-group alignfull has-ast-global-color-5-background-color has-background\"><div class=\"wp-block-group__inner-container\">\n<h2 class=\"has-text-align-left\">Pourquoi choisir Brightech Consultant?<\/h2>\n\n\n\n<p>Nous sommes le bon terme pour votre entreprise. Nous avons l&#8217;expertise et les connaissances n\u00e9cessaires pour offrir des conseils et des services impartiaux \u00e0 un prix honn\u00eate.<\/p>\n\n\n\n<p>Avec nous, vous vous sentirez \u00e9cout\u00e9. Nous \u00e9coutons les besoins de nos clients et s\u00e9lectionnons ensuite la solution qui convient. Nous prenons soin de votre entreprise comme la n\u00f4tre. Nous y portons un int\u00e9r\u00eat sinc\u00e8re et souhaitons sinc\u00e8rement aider votre entreprise \u00e0 atteindre son potentiel.<\/p>\n<\/div><\/div>\n\n\n\n<div class=\"inherit-container-width wp-container-14 wp-block-group alignfull has-ast-global-color-2-background-color has-background\"><div class=\"wp-block-group__inner-container\">\n<div class=\"wp-block-media-text alignwide has-media-on-the-right is-stacked-on-mobile has-background\" style=\"background-color:#bbbbbb;grid-template-columns:auto 66%\"><figure class=\"wp-block-media-text__media\"><img loading=\"lazy\" width=\"1024\" height=\"683\" src=\"http:\/\/bcs-consultant.com\/wp-content\/uploads\/2022\/07\/pexels-edmond-dantes-8555767-1024x683.jpg\" alt=\"\" class=\"wp-image-429 size-full\" srcset=\"https:\/\/bcs-consultant.com\/wp-content\/uploads\/2022\/07\/pexels-edmond-dantes-8555767-1024x683.jpg 1024w, https:\/\/bcs-consultant.com\/wp-content\/uploads\/2022\/07\/pexels-edmond-dantes-8555767-300x200.jpg 300w, https:\/\/bcs-consultant.com\/wp-content\/uploads\/2022\/07\/pexels-edmond-dantes-8555767-768x512.jpg 768w\" sizes=\"(max-width: 1024px) 100vw, 1024px\" \/><\/figure><div class=\"wp-block-media-text__content\">\n<div class=\"inherit-container-width wp-container-13 wp-block-group\"><div class=\"wp-block-group__inner-container\">\n<h3>Avez-vous un Projet?<\/h3>\n\n\n\n<p>Nous pouvons vous aider \u00e0 donner vie \u00e0 vos id\u00e9es. Parlons de ce que nous pouvons mettre en place et b\u00e2tir ensemble.<\/p>\n\n\n\n<div class=\"wp-container-12 wp-block-buttons\">\n<div class=\"wp-block-button is-style-outline\"><a class=\"wp-block-button__link\">Contactez-nous!<\/a><\/div>\n<\/div>\n<\/div><\/div>\n<\/div><\/div>\n<\/div><\/div>\n\n\n\n<div class=\"inherit-container-width wp-container-18 wp-block-group alignfull has-ast-global-color-2-background-color has-background\"><div class=\"wp-block-group__inner-container\">\n<div class=\"wp-container-17 wp-block-columns are-vertically-aligned-center\">\n<div class=\"wp-container-15 wp-block-column is-vertically-aligned-center\">\n<h2 class=\"has-white-color has-text-color\">B\u00e2tissons ensemble une entreprise florissante<\/h2>\n<\/div>\n\n\n\n<div class=\"wp-container-16 wp-block-column is-vertically-aligned-center\">\n<p class=\"has-text-color\" style=\"color:#a4adb2\">Lorsque vous \u00eates connect\u00e9 avec nous, vous ne d\u00e9veloppez pas votre entreprise seul. Nous vous soutenons et mettons tout en \u0153uvre pour contribuer \u00e0 la croissance de toute votre \u00e9quipe et de votre organisation. Donc, si vous recherchez la bonne agence qui vous aidera \u00e0 \u00e9tablir une bonne pr\u00e9sence en ligne et \u00e0 g\u00e9n\u00e9rer plus de conversions et de revenus, nous sommes l\u00e0&nbsp;!<\/p>\n<\/div>\n<\/div>\n<\/div><\/div>\n\n\n\n<div class=\"inherit-container-width wp-container-26 wp-block-group alignfull has-ast-global-color-5-background-color has-background\"><div class=\"wp-block-group__inner-container\">\n<div class=\"wp-container-21 wp-block-columns\">\n<div class=\"wp-container-19 wp-block-column\">\n<p>Vos partenaires de confiance<\/p>\n\n\n\n<h2>Une \u00e9quipe tr\u00e8s motiv\u00e9e avec des id\u00e9es innovantes<\/h2>\n<\/div>\n\n\n\n<div class=\"wp-container-20 wp-block-column is-vertically-aligned-center\">\n<p>Nous aimons ce que nous faisons et proposons donc les meilleures solutions possibles pour vous aider \u00e0 vous installer et \u00e0 vous d\u00e9velopper en ligne rapidement. Nous sommes vos partenaires de confiance sur lesquels vous pouvez compter.<a href=\"http:\/\/bcs-consultant.com\/wp-content\/uploads\/2021\/05\/gallery-1.jpg\"><\/a><\/p>\n<\/div>\n<\/div>\n\n\n\n<div class=\"wp-container-25 wp-block-columns\">\n<div class=\"wp-container-22 wp-block-column\">\n<figure class=\"wp-block-image size-large\"><img loading=\"lazy\" width=\"1024\" height=\"678\" src=\"https:\/\/bcs-consultant.com\/wp-content\/uploads\/2022\/07\/pexels-corentin-henry-8164309-1024x678.jpg\" alt=\"\" class=\"wp-image-433\" srcset=\"https:\/\/bcs-consultant.com\/wp-content\/uploads\/2022\/07\/pexels-corentin-henry-8164309-1024x678.jpg 1024w, https:\/\/bcs-consultant.com\/wp-content\/uploads\/2022\/07\/pexels-corentin-henry-8164309-300x199.jpg 300w, https:\/\/bcs-consultant.com\/wp-content\/uploads\/2022\/07\/pexels-corentin-henry-8164309-768x509.jpg 768w, https:\/\/bcs-consultant.com\/wp-content\/uploads\/2022\/07\/pexels-corentin-henry-8164309-1536x1017.jpg 1536w, https:\/\/bcs-consultant.com\/wp-content\/uploads\/2022\/07\/pexels-corentin-henry-8164309-2048x1356.jpg 2048w\" sizes=\"(max-width: 1024px) 100vw, 1024px\" \/><\/figure>\n<\/div>\n\n\n\n<div class=\"wp-container-23 wp-block-column\">\n<figure class=\"wp-block-image size-large\"><img loading=\"lazy\" width=\"1024\" height=\"684\" src=\"https:\/\/bcs-consultant.com\/wp-content\/uploads\/2022\/07\/zbeaute-k1-1024x684.jpg\" alt=\"\" class=\"wp-image-430\" srcset=\"https:\/\/bcs-consultant.com\/wp-content\/uploads\/2022\/07\/zbeaute-k1-1024x684.jpg 1024w, https:\/\/bcs-consultant.com\/wp-content\/uploads\/2022\/07\/zbeaute-k1-300x200.jpg 300w, https:\/\/bcs-consultant.com\/wp-content\/uploads\/2022\/07\/zbeaute-k1-768x513.jpg 768w, https:\/\/bcs-consultant.com\/wp-content\/uploads\/2022\/07\/zbeaute-k1-1536x1025.jpg 1536w, https:\/\/bcs-consultant.com\/wp-content\/uploads\/2022\/07\/zbeaute-k1-2048x1367.jpg 2048w\" sizes=\"(max-width: 1024px) 100vw, 1024px\" \/><\/figure>\n<\/div>\n\n\n\n<div class=\"wp-container-24 wp-block-column\">\n<figure class=\"wp-block-image size-large\"><img loading=\"lazy\" width=\"1024\" height=\"683\" src=\"https:\/\/bcs-consultant.com\/wp-content\/uploads\/2022\/07\/zbeaute-k3-1024x683.jpg\" alt=\"\" class=\"wp-image-431\" srcset=\"https:\/\/bcs-consultant.com\/wp-content\/uploads\/2022\/07\/zbeaute-k3-1024x683.jpg 1024w, https:\/\/bcs-consultant.com\/wp-content\/uploads\/2022\/07\/zbeaute-k3-300x200.jpg 300w, https:\/\/bcs-consultant.com\/wp-content\/uploads\/2022\/07\/zbeaute-k3-768x512.jpg 768w, https:\/\/bcs-consultant.com\/wp-content\/uploads\/2022\/07\/zbeaute-k3-1536x1024.jpg 1536w, https:\/\/bcs-consultant.com\/wp-content\/uploads\/2022\/07\/zbeaute-k3-2048x1365.jpg 2048w\" sizes=\"(max-width: 1024px) 100vw, 1024px\" \/><\/figure>\n<\/div>\n<\/div>\n<\/div><\/div>\n\n\n\n<div class=\"inherit-container-width wp-container-30 wp-block-group alignfull has-ast-global-color-0-background-color has-background\"><div class=\"wp-block-group__inner-container\">\n<div class=\"wp-container-29 wp-block-columns has-border-color has-white-background-color has-background\" style=\"border-color:#bbbbbb\">\n<div class=\"wp-container-27 wp-block-column is-vertically-aligned-center\" style=\"flex-basis:33.33%\">\n<h2>S&#8217;abonner<\/h2>\n<\/div>\n\n\n\n<div class=\"wp-container-28 wp-block-column\" style=\"flex-basis:66.66%\">\n<\/div>\n<\/div>\n<\/div><\/div>\n","protected":false},"excerpt":{"rendered":"<p>Contactez-Nous Pour Technologie Notre \u00e9quipe d&#8217;ing\u00e9nieurs poss\u00e8de de nombreuses ann\u00e9es d&#8217;exp\u00e9rience dans les domaines de la cr\u00e9ation le site Web, le r\u00e9f\u00e9rencement et la solution Cloud de Google. Accompagnement Des Projets Vous recherchez des solutions personnalis\u00e9es pour vos sites Web ? Votre projet agricole ou immobilier, notre \u00e9quipe d\u00e9veloppera et fournira ce qui est n\u00e9cessaire &hellip;<\/p>\n<p class=\"read-more\"> <a class=\"\" href=\"https:\/\/bcs-consultant.com\/\"> <span class=\"screen-reader-text\">Accueil<\/span> Read More &raquo;<\/a><\/p>\n","protected":false},"author":1,"featured_media":0,"parent":0,"menu_order":0,"comment_status":"closed","ping_status":"closed","template":"","meta":{"om_disable_all_campaigns":false,"_monsterinsights_skip_tracking":false,"_monsterinsights_sitenote_active":false,"_monsterinsights_sitenote_note":"","_monsterinsights_sitenote_category":0,"site-sidebar-layout":"no-sidebar","site-content-layout":"plain-container","ast-global-header-display":"","ast-main-header-display":"","ast-hfb-above-header-display":"","ast-hfb-below-header-display":"","ast-hfb-mobile-header-display":"","site-post-title":"disabled","ast-breadcrumbs-content":"","ast-featured-img":"disabled","footer-sml-layout":"","theme-transparent-header-meta":"enabled","adv-header-id-meta":"","stick-header-meta":"","header-above-stick-meta":"","header-main-stick-meta":"","header-below-stick-meta":""},"aioseo_notices":[],"_links":{"self":[{"href":"https:\/\/bcs-consultant.com\/index.php?rest_route=\/wp\/v2\/pages\/135"}],"collection":[{"href":"https:\/\/bcs-consultant.com\/index.php?rest_route=\/wp\/v2\/pages"}],"about":[{"href":"https:\/\/bcs-consultant.com\/index.php?rest_route=\/wp\/v2\/types\/page"}],"author":[{"embeddable":true,"href":"https:\/\/bcs-consultant.com\/index.php?rest_route=\/wp\/v2\/users\/1"}],"replies":[{"embeddable":true,"href":"https:\/\/bcs-consultant.com\/index.php?rest_route=%2Fwp%2Fv2%2Fcomments&post=135"}],"version-history":[{"count":22,"href":"https:\/\/bcs-consultant.com\/index.php?rest_route=\/wp\/v2\/pages\/135\/revisions"}],"predecessor-version":[{"id":523,"href":"https:\/\/bcs-consultant.com\/index.php?rest_route=\/wp\/v2\/pages\/135\/revisions\/523"}],"wp:attachment":[{"href":"https:\/\/bcs-consultant.com\/index.php?rest_route=%2Fwp%2Fv2%2Fmedia&parent=135"}],"curies":[{"name":"wp","href":"https:\/\/api.w.org\/{rel}","templated":true}]}}