{"id":137,"date":"2021-05-12T11:37:28","date_gmt":"2021-05-12T11:37:28","guid":{"rendered":"http:\/\/bcs-consultant.com\/?page_id=137"},"modified":"2022-07-23T13:30:08","modified_gmt":"2022-07-23T13:30:08","slug":"services","status":"publish","type":"page","link":"https:\/\/bcs-consultant.com\/?page_id=137","title":{"rendered":"Services"},"content":{"rendered":"\n<div class=\"wp-block-cover alignfull has-parallax\" style=\"background-image:url(https:\/\/bcs-consultant.com\/wp-content\/uploads\/2022\/07\/bcs-bg-2-3.png);min-height:546px\"><span aria-hidden=\"true\" class=\"wp-block-cover__background has-ast-global-color-2-background-color has-background-dim-60 has-background-dim\"><\/span><div class=\"wp-block-cover__inner-container\">\n<h1 class=\"has-text-align-center has-white-color has-text-color\">Services<\/h1>\n<\/div><\/div>\n\n\n\n<div class=\"inherit-container-width wp-container-8 wp-block-group alignfull has-ast-global-color-0-background-color has-background\"><div class=\"wp-block-group__inner-container\">\n<h2 class=\"has-text-align-left\">Comment pouvons-nous vous aider?<\/h2>\n\n\n\n<div class=\"wp-container-7 wp-block-columns\">\n<div class=\"wp-container-2 wp-block-column is-vertically-aligned-center\">\n<h4>Technologie<\/h4>\n\n\n\n<p>Notre \u00e9quipe est exp\u00e9riment\u00e9e dans le d\u00e9veloppement des applications Web et Desktop bas\u00e9 sur les derni\u00e8res technologies sur le march\u00e9 ainsi que le d\u00e9ploiement des syst\u00e8mes Cloud Google et Microsoft. <\/p>\n\n\n\n<div class=\"wp-container-1 wp-block-buttons\">\n<div class=\"wp-block-button is-style-outline\"><a class=\"wp-block-button__link\" href=\"#\">Contactez-nous<\/a><\/div>\n<\/div>\n<\/div>\n\n\n\n<div class=\"wp-container-4 wp-block-column is-vertically-aligned-center\">\n<h4>Accompagnement Des Projets<\/h4>\n\n\n\n<p>Avec nos partenaires, nous apportons des solutions innovantes bas\u00e9es sur l&#8217;exp\u00e9rience Isra\u00e9lienne dans l\u2019agro-industrie et les hautes technologies. De la conception \u00e0 la r\u00e9alisation et la recherche de financement.<\/p>\n\n\n\n<div class=\"wp-container-3 wp-block-buttons\">\n<div class=\"wp-block-button is-style-outline\"><a class=\"wp-block-button__link\" href=\"#\">Contactez-nous<\/a><\/div>\n<\/div>\n<\/div>\n\n\n\n<div class=\"wp-container-6 wp-block-column is-vertically-aligned-center\">\n<h4>Education<\/h4>\n\n\n\n<p>BRIGHTECH CONSULTANT SARL met en place des programmes adapt\u00e9s de formation des jeunes et adultes dans les domaines de l\u2019informatique (Bureautique et programmation) et agricole.<\/p>\n\n\n\n<div class=\"wp-container-5 wp-block-buttons\">\n<div class=\"wp-block-button is-style-outline\"><a class=\"wp-block-button__link\" href=\"#\">Contactez-nous<\/a><\/div>\n<\/div>\n<\/div>\n<\/div>\n<\/div><\/div>\n\n\n\n<div class=\"inherit-container-width wp-container-11 wp-block-group alignfull has-ast-global-color-5-background-color has-background\"><div class=\"wp-block-group__inner-container\">\n<h2 class=\"has-text-align-center\">Nos Clients<\/h2>\n\n\n\n<figure class=\"wp-container-10 wp-block-gallery-9 wp-block-gallery aligncenter has-nested-images columns-4\">\n<figure class=\"wp-block-image size-large\"><img src=\"http:\/\/bcs-consultant.com\/wp-content\/uploads\/2021\/05\/logo-black.svg\" alt=\"\" class=\"wp-image-133\"\/><\/figure>\n\n\n\n<figure class=\"wp-block-image size-large\"><img loading=\"lazy\" width=\"153\" height=\"41\" src=\"http:\/\/bcs-consultant.com\/wp-content\/uploads\/2021\/05\/client-logo-5.png\" alt=\"\" class=\"wp-image-132\" srcset=\"https:\/\/bcs-consultant.com\/wp-content\/uploads\/2021\/05\/client-logo-5.png 153w, https:\/\/bcs-consultant.com\/wp-content\/uploads\/2021\/05\/client-logo-5-150x41.png 150w\" sizes=\"(max-width: 153px) 100vw, 153px\" \/><\/figure>\n\n\n\n<figure class=\"wp-block-image size-large\"><img loading=\"lazy\" width=\"119\" height=\"28\" src=\"http:\/\/bcs-consultant.com\/wp-content\/uploads\/2021\/05\/client-logo-1.png\" alt=\"\" class=\"wp-image-129\"\/><\/figure>\n\n\n\n<figure class=\"wp-block-image size-large\"><img loading=\"lazy\" width=\"130\" height=\"30\" src=\"http:\/\/bcs-consultant.com\/wp-content\/uploads\/2021\/05\/client-logo-2.png\" alt=\"\" class=\"wp-image-130\"\/><\/figure>\n<\/figure>\n<\/div><\/div>\n\n\n\n<div class=\"inherit-container-width wp-container-14 wp-block-group alignfull has-ast-global-color-2-background-color has-background\"><div class=\"wp-block-group__inner-container\">\n<div class=\"wp-block-media-text alignwide has-media-on-the-right is-stacked-on-mobile has-ast-global-color-0-background-color has-background\" style=\"grid-template-columns:auto 66%\"><figure class=\"wp-block-media-text__media\"><img loading=\"lazy\" width=\"1024\" height=\"683\" src=\"https:\/\/bcs-consultant.com\/wp-content\/uploads\/2022\/07\/pexels-canva-studio-3153198-1024x683.jpg\" alt=\"\" class=\"wp-image-486 size-full\" srcset=\"https:\/\/bcs-consultant.com\/wp-content\/uploads\/2022\/07\/pexels-canva-studio-3153198-1024x683.jpg 1024w, https:\/\/bcs-consultant.com\/wp-content\/uploads\/2022\/07\/pexels-canva-studio-3153198-300x200.jpg 300w, https:\/\/bcs-consultant.com\/wp-content\/uploads\/2022\/07\/pexels-canva-studio-3153198-768x512.jpg 768w, https:\/\/bcs-consultant.com\/wp-content\/uploads\/2022\/07\/pexels-canva-studio-3153198-1536x1024.jpg 1536w, https:\/\/bcs-consultant.com\/wp-content\/uploads\/2022\/07\/pexels-canva-studio-3153198-2048x1366.jpg 2048w\" sizes=\"(max-width: 1024px) 100vw, 1024px\" \/><\/figure><div class=\"wp-block-media-text__content\">\n<div class=\"inherit-container-width wp-container-13 wp-block-group\"><div class=\"wp-block-group__inner-container\">\n<h3>Avez-vous un Project ?<\/h3>\n\n\n\n<p>Nous pouvons vous aider \u00e0 donner vie \u00e0 vos id\u00e9es. Parlons de ce que nous pouvons mettre en place et b\u00e2tir ensemble.<\/p>\n\n\n\n<div class=\"wp-container-12 wp-block-buttons\">\n<div class=\"wp-block-button is-style-outline\"><a class=\"wp-block-button__link\">Contactez-nous!<\/a><\/div>\n<\/div>\n<\/div><\/div>\n<\/div><\/div>\n<\/div><\/div>\n","protected":false},"excerpt":{"rendered":"<p>Comment pouvons-nous vous aider? Technologie Notre \u00e9quipe est exp\u00e9riment\u00e9e dans le d\u00e9veloppement des applications Web et Desktop bas\u00e9 sur les derni\u00e8res technologies sur le march\u00e9 ainsi que le d\u00e9ploiement des syst\u00e8mes Cloud Google et Microsoft. Accompagnement Des Projets Avec nos partenaires, nous apportons des solutions innovantes bas\u00e9es sur l&#8217;exp\u00e9rience Isra\u00e9lienne dans l\u2019agro-industrie et les hautes &hellip;<\/p>\n<p class=\"read-more\"> <a class=\"\" href=\"https:\/\/bcs-consultant.com\/?page_id=137\"> <span class=\"screen-reader-text\">Services<\/span> Read More &raquo;<\/a><\/p>\n","protected":false},"author":1,"featured_media":0,"parent":0,"menu_order":0,"comment_status":"closed","ping_status":"closed","template":"","meta":{"om_disable_all_campaigns":false,"_monsterinsights_skip_tracking":false,"_monsterinsights_sitenote_active":false,"_monsterinsights_sitenote_note":"","_monsterinsights_sitenote_category":0,"site-sidebar-layout":"no-sidebar","site-content-layout":"plain-container","ast-global-header-display":"","ast-main-header-display":"","ast-hfb-above-header-display":"","ast-hfb-below-header-display":"","ast-hfb-mobile-header-display":"","site-post-title":"disabled","ast-breadcrumbs-content":"","ast-featured-img":"disabled","footer-sml-layout":"","theme-transparent-header-meta":"enabled","adv-header-id-meta":"","stick-header-meta":"","header-above-stick-meta":"","header-main-stick-meta":"","header-below-stick-meta":""},"aioseo_notices":[],"_links":{"self":[{"href":"https:\/\/bcs-consultant.com\/index.php?rest_route=\/wp\/v2\/pages\/137"}],"collection":[{"href":"https:\/\/bcs-consultant.com\/index.php?rest_route=\/wp\/v2\/pages"}],"about":[{"href":"https:\/\/bcs-consultant.com\/index.php?rest_route=\/wp\/v2\/types\/page"}],"author":[{"embeddable":true,"href":"https:\/\/bcs-consultant.com\/index.php?rest_route=\/wp\/v2\/users\/1"}],"replies":[{"embeddable":true,"href":"https:\/\/bcs-consultant.com\/index.php?rest_route=%2Fwp%2Fv2%2Fcomments&post=137"}],"version-history":[{"count":11,"href":"https:\/\/bcs-consultant.com\/index.php?rest_route=\/wp\/v2\/pages\/137\/revisions"}],"predecessor-version":[{"id":487,"href":"https:\/\/bcs-consultant.com\/index.php?rest_route=\/wp\/v2\/pages\/137\/revisions\/487"}],"wp:attachment":[{"href":"https:\/\/bcs-consultant.com\/index.php?rest_route=%2Fwp%2Fv2%2Fmedia&parent=137"}],"curies":[{"name":"wp","href":"https:\/\/api.w.org\/{rel}","templated":true}]}}