{"id":139,"date":"2021-05-12T11:38:10","date_gmt":"2021-05-12T11:38:10","guid":{"rendered":"http:\/\/bcs-consultant.com\/?page_id=139"},"modified":"2022-07-23T13:42:41","modified_gmt":"2022-07-23T13:42:41","slug":"about-us","status":"publish","type":"page","link":"https:\/\/bcs-consultant.com\/?page_id=139","title":{"rendered":"Qui Sommes-nous"},"content":{"rendered":"\n<div class=\"wp-block-cover alignfull has-parallax\" style=\"background-image:url(https:\/\/bcs-consultant.com\/wp-content\/uploads\/2022\/07\/bcs-bg-2-1.png);min-height:549px\"><span aria-hidden=\"true\" class=\"wp-block-cover__background has-ast-global-color-2-background-color has-background-dim-60 has-background-dim\"><\/span><div class=\"wp-block-cover__inner-container\">\n<h1 class=\"has-text-align-center has-white-color has-text-color\">Qui Sommes-nous?<\/h1>\n<\/div><\/div>\n\n\n\n<div class=\"inherit-container-width wp-container-1 wp-block-group alignfull has-ast-global-color-0-background-color has-background\"><div class=\"wp-block-group__inner-container\">\n<div class=\"wp-block-media-text alignwide is-stacked-on-mobile is-vertically-aligned-center has-background\" style=\"background-color:#bbbbbb;grid-template-columns:41% auto\"><figure class=\"wp-block-media-text__media\"><img loading=\"lazy\" width=\"683\" height=\"1024\" src=\"http:\/\/bcs-consultant.com\/wp-content\/uploads\/2022\/07\/zzz-683x1024.jpg\" alt=\"\" class=\"wp-image-419 size-full\" srcset=\"https:\/\/bcs-consultant.com\/wp-content\/uploads\/2022\/07\/zzz-683x1024.jpg 683w, https:\/\/bcs-consultant.com\/wp-content\/uploads\/2022\/07\/zzz-200x300.jpg 200w, https:\/\/bcs-consultant.com\/wp-content\/uploads\/2022\/07\/zzz-768x1152.jpg 768w, https:\/\/bcs-consultant.com\/wp-content\/uploads\/2022\/07\/zzz-scaled.jpg 1707w\" sizes=\"(max-width: 683px) 100vw, 683px\" \/><\/figure><div class=\"wp-block-media-text__content\">\n<p><strong><strong>Nous sommes une \u00e9quipe d&#8217;experts avec plus de 12 ans d&#8217;exp\u00e9rience dans le d\u00e9veloppement de logiciels, le r\u00e9f\u00e9rencement, la technologie cloud et le marketing pour aider les entreprises \u00e0 se d\u00e9velopper.<\/strong><\/strong><\/p>\n\n\n\n<p>Brightech Consultant Sarl est une soci\u00e9t\u00e9 de droit congolais, r\u00e9guli\u00e8rement enregistr\u00e9e, et dont le si\u00e8ge social se trouve \u00e0 Kinshasa ; avec une repr\u00e9sentation \u00e0 Tel-Aviv en Isra\u00ebl. Nous concevons et am\u00e9liorons la pr\u00e9sence num\u00e9rique de nos partenaires et clients sur le web. Nous exploitons et g\u00e9rons \u00e9galement plusieurs actifs d&#8217;\u00e9dition dans des langues telles que l&#8217;anglais, l&#8217;allemand, le n\u00e9erlandais, le finnois, le su\u00e9dois, le norv\u00e9gien et l&#8217;estonien.<\/p>\n\n\n\n<p>Nous ne vendons pas de produits, de biens ou de services directs sur nos actifs d&#8217;\u00e9dition. Notre mission est de cr\u00e9er un environnement authentique, adapt\u00e9 aux besoins de nos clients, d&#8217;examiner et de recommander objectivement les meilleures solutions sur mesure \u00e0 nos clients et les mettre en contact avec des partenaires capables de participer efficacement au projet..<\/p>\n\n\n\n<p>Notre mode de r\u00e9mun\u00e9ration est bas\u00e9 sur la mise du projet initial&nbsp; ou la participation au projet proprement dit. Nos accords de partenariat fonctionnent sur diff\u00e9rents mod\u00e8les de tarification tels que la commission, le partage des revenus et les contrats fixes.<\/p>\n\n\n\n<h3>Nos Valeurs Fondamentales<\/h3>\n\n\n\n<ul><li>Notre Engagement \u00e0 offrir un service de qualit\u00e9<\/li><li>L\u2019honn\u00eatet\u00e9 et la transparence<\/li><li>Nous prenons soin de votre entreprise comme la n\u00f4tre<\/li><li>Continuer \u00e0 apprendre et \u00e0 s&#8217;adapter aux nouvelles technologies<\/li><\/ul>\n<\/div><\/div>\n<\/div><\/div>\n\n\n\n<div class=\"inherit-container-width wp-container-8 wp-block-group alignfull has-ast-global-color-5-background-color has-background\"><div class=\"wp-block-group__inner-container\">\n<h2>Ce Que Disent Nos Clients<\/h2>\n\n\n\n<div class=\"wp-container-4 wp-block-columns alignwide are-vertically-aligned-top\">\n<div class=\"wp-container-2 wp-block-column is-vertically-aligned-top\">\n<p>Dapibus id interdum fusce sed odio massa tellus nibh consequat justo mauris, donec nec tempus iaculis pellente.<\/p>\n\n\n\n<figure class=\"wp-block-image size-large is-resized is-style-rounded\"><img loading=\"lazy\" src=\"http:\/\/bcs-consultant.com\/wp-content\/uploads\/2021\/05\/customer-3.jpg\" alt=\"\" class=\"wp-image-59\" width=\"50\" height=\"50\" srcset=\"https:\/\/bcs-consultant.com\/wp-content\/uploads\/2021\/05\/customer-3.jpg 200w, https:\/\/bcs-consultant.com\/wp-content\/uploads\/2021\/05\/customer-3-150x150.jpg 150w\" sizes=\"(max-width: 50px) 100vw, 50px\" \/><figcaption>Pricilia Doe<\/figcaption><\/figure>\n<\/div>\n\n\n\n<div class=\"wp-container-3 wp-block-column is-vertically-aligned-top\">\n<p>Dapibus id interdum fusce sed odio massa tellus nibh consequat justo mauris, donec nec tempus iaculis pellente.<\/p>\n\n\n\n<figure class=\"wp-block-image size-large is-resized is-style-rounded\"><img loading=\"lazy\" src=\"http:\/\/bcs-consultant.com\/wp-content\/uploads\/2021\/05\/customer-1.jpg\" alt=\"\" class=\"wp-image-57\" width=\"50\" height=\"50\" srcset=\"https:\/\/bcs-consultant.com\/wp-content\/uploads\/2021\/05\/customer-1.jpg 200w, https:\/\/bcs-consultant.com\/wp-content\/uploads\/2021\/05\/customer-1-150x150.jpg 150w\" sizes=\"(max-width: 50px) 100vw, 50px\" \/><figcaption>Mark Hoffman<\/figcaption><\/figure>\n<\/div>\n<\/div>\n\n\n\n<div style=\"height:35px\" aria-hidden=\"true\" class=\"wp-block-spacer\"><\/div>\n\n\n\n<div class=\"wp-container-7 wp-block-columns alignwide are-vertically-aligned-top\">\n<div class=\"wp-container-5 wp-block-column is-vertically-aligned-top\">\n<p>Dapibus id interdum fusce sed odio massa tellus nibh consequat justo mauris, donec nec tempus iaculis pellente.<\/p>\n\n\n\n<figure class=\"wp-block-image size-large is-resized is-style-rounded\"><img loading=\"lazy\" src=\"http:\/\/bcs-consultant.com\/wp-content\/uploads\/2021\/06\/customer-4.jpg\" alt=\"\" class=\"wp-image-409\" width=\"50\" height=\"50\" srcset=\"https:\/\/bcs-consultant.com\/wp-content\/uploads\/2021\/06\/customer-4.jpg 200w, https:\/\/bcs-consultant.com\/wp-content\/uploads\/2021\/06\/customer-4-150x150.jpg 150w\" sizes=\"(max-width: 50px) 100vw, 50px\" \/><figcaption>Daniel johnson<\/figcaption><\/figure>\n<\/div>\n\n\n\n<div class=\"wp-container-6 wp-block-column is-vertically-aligned-top\">\n<p>Dapibus id interdum fusce sed odio massa tellus nibh consequat justo mauris, donec nec tempus iaculis pellente.<\/p>\n\n\n\n<figure class=\"wp-block-image size-large is-resized is-style-rounded\"><img loading=\"lazy\" src=\"http:\/\/bcs-consultant.com\/wp-content\/uploads\/2021\/05\/customer-3.jpg\" alt=\"\" class=\"wp-image-59\" width=\"50\" height=\"50\" srcset=\"https:\/\/bcs-consultant.com\/wp-content\/uploads\/2021\/05\/customer-3.jpg 200w, https:\/\/bcs-consultant.com\/wp-content\/uploads\/2021\/05\/customer-3-150x150.jpg 150w\" sizes=\"(max-width: 50px) 100vw, 50px\" \/><figcaption>Pricilia Doe<\/figcaption><\/figure>\n<\/div>\n<\/div>\n<\/div><\/div>\n\n\n\n<div class=\"inherit-container-width wp-container-11 wp-block-group alignfull has-ast-global-color-2-background-color has-background\"><div class=\"wp-block-group__inner-container\">\n<div class=\"wp-block-media-text alignwide has-media-on-the-right is-stacked-on-mobile has-background\" style=\"background-color:#bbbbbb;grid-template-columns:auto 66%\"><figure class=\"wp-block-media-text__media\"><img loading=\"lazy\" width=\"1024\" height=\"684\" src=\"https:\/\/bcs-consultant.com\/wp-content\/uploads\/2022\/07\/pexels-christina-morillo-1181370-1024x684.jpg\" alt=\"\" class=\"wp-image-418 size-full\" srcset=\"https:\/\/bcs-consultant.com\/wp-content\/uploads\/2022\/07\/pexels-christina-morillo-1181370-1024x684.jpg 1024w, https:\/\/bcs-consultant.com\/wp-content\/uploads\/2022\/07\/pexels-christina-morillo-1181370-300x200.jpg 300w, https:\/\/bcs-consultant.com\/wp-content\/uploads\/2022\/07\/pexels-christina-morillo-1181370-768x513.jpg 768w, https:\/\/bcs-consultant.com\/wp-content\/uploads\/2022\/07\/pexels-christina-morillo-1181370-1536x1025.jpg 1536w, https:\/\/bcs-consultant.com\/wp-content\/uploads\/2022\/07\/pexels-christina-morillo-1181370-2048x1367.jpg 2048w\" sizes=\"(max-width: 1024px) 100vw, 1024px\" \/><\/figure><div class=\"wp-block-media-text__content\">\n<div class=\"inherit-container-width wp-container-10 wp-block-group\"><div class=\"wp-block-group__inner-container\">\n<h3>Avez-vous un Project?<\/h3>\n\n\n\n<p>Nous pouvons vous aider \u00e0 donner vie \u00e0 vos id\u00e9es. Parlons de ce que nous pouvons mettre en place et b\u00e2tir ensemble.<\/p>\n\n\n\n<div class=\"wp-container-9 wp-block-buttons\">\n<div class=\"wp-block-button is-style-outline\"><a class=\"wp-block-button__link has-ast-global-color-7-background-color has-background\">Contactez-nous!<\/a><\/div>\n<\/div>\n<\/div><\/div>\n<\/div><\/div>\n<\/div><\/div>\n","protected":false},"excerpt":{"rendered":"<p>Nous sommes une \u00e9quipe d&#8217;experts avec plus de 12 ans d&#8217;exp\u00e9rience dans le d\u00e9veloppement de logiciels, le r\u00e9f\u00e9rencement, la technologie cloud et le marketing pour aider les entreprises \u00e0 se d\u00e9velopper. Brightech Consultant Sarl est une soci\u00e9t\u00e9 de droit congolais, r\u00e9guli\u00e8rement enregistr\u00e9e, et dont le si\u00e8ge social se trouve \u00e0 Kinshasa ; avec une repr\u00e9sentation &hellip;<\/p>\n<p class=\"read-more\"> <a class=\"\" href=\"https:\/\/bcs-consultant.com\/?page_id=139\"> <span class=\"screen-reader-text\">Qui Sommes-nous<\/span> Read More &raquo;<\/a><\/p>\n","protected":false},"author":1,"featured_media":0,"parent":0,"menu_order":0,"comment_status":"closed","ping_status":"closed","template":"","meta":{"om_disable_all_campaigns":false,"_monsterinsights_skip_tracking":false,"_monsterinsights_sitenote_active":false,"_monsterinsights_sitenote_note":"","_monsterinsights_sitenote_category":0,"site-sidebar-layout":"no-sidebar","site-content-layout":"plain-container","ast-global-header-display":"","ast-main-header-display":"","ast-hfb-above-header-display":"","ast-hfb-below-header-display":"","ast-hfb-mobile-header-display":"","site-post-title":"disabled","ast-breadcrumbs-content":"","ast-featured-img":"disabled","footer-sml-layout":"","theme-transparent-header-meta":"enabled","adv-header-id-meta":"","stick-header-meta":"","header-above-stick-meta":"","header-main-stick-meta":"","header-below-stick-meta":""},"aioseo_notices":[],"_links":{"self":[{"href":"https:\/\/bcs-consultant.com\/index.php?rest_route=\/wp\/v2\/pages\/139"}],"collection":[{"href":"https:\/\/bcs-consultant.com\/index.php?rest_route=\/wp\/v2\/pages"}],"about":[{"href":"https:\/\/bcs-consultant.com\/index.php?rest_route=\/wp\/v2\/types\/page"}],"author":[{"embeddable":true,"href":"https:\/\/bcs-consultant.com\/index.php?rest_route=\/wp\/v2\/users\/1"}],"replies":[{"embeddable":true,"href":"https:\/\/bcs-consultant.com\/index.php?rest_route=%2Fwp%2Fv2%2Fcomments&post=139"}],"version-history":[{"count":11,"href":"https:\/\/bcs-consultant.com\/index.php?rest_route=\/wp\/v2\/pages\/139\/revisions"}],"predecessor-version":[{"id":493,"href":"https:\/\/bcs-consultant.com\/index.php?rest_route=\/wp\/v2\/pages\/139\/revisions\/493"}],"wp:attachment":[{"href":"https:\/\/bcs-consultant.com\/index.php?rest_route=%2Fwp%2Fv2%2Fmedia&parent=139"}],"curies":[{"name":"wp","href":"https:\/\/api.w.org\/{rel}","templated":true}]}}